{"id":1272,"date":"2024-04-17T13:16:36","date_gmt":"2024-04-17T13:16:36","guid":{"rendered":"https:\/\/art-telheiras.pt\/?page_id=1272"},"modified":"2026-01-27T11:21:31","modified_gmt":"2026-01-27T10:21:31","slug":"socios","status":"publish","type":"page","link":"https:\/\/art-telheiras.pt\/?page_id=1272","title":{"rendered":"Ser s\u00f3cio"},"content":{"rendered":"\n<div class=\"wp-block-cover alignfull has-nv-dark-bg-color has-text-color has-link-color wp-elements-2bea40ada460c5cbf3c8f8a12d40e168\" style=\"min-height:475px;aspect-ratio:unset;\"><span aria-hidden=\"true\" class=\"wp-block-cover__background has-neve-link-color-background-color has-background-dim-100 has-background-dim\"><\/span><div class=\"wp-block-cover__inner-container is-layout-flow wp-block-cover-is-layout-flow\">\n<h1 class=\"wp-block-heading has-text-align-center\">Ser S\u00f3cio da ART<\/h1>\n\n\n\n<div class=\"wp-block-group\"><div class=\"wp-block-group__inner-container is-layout-flow wp-block-group-is-layout-flow\">\n<h2 class=\"wp-block-heading has-text-align-center\"><strong>Ficamos muito satisfeitos por se querer juntar a n\u00f3s <\/strong><br><strong>e dar mais for\u00e7a \u00e0 ART.<\/strong><\/h2>\n\n\n\n<p class=\"has-text-align-center\">Ser s\u00f3cio da <strong>ART \u2013 Associa\u00e7\u00e3o de Residentes de Telheiras<\/strong> \u00e9 uma forma simples e concreta de apoiar o trabalho desenvolvido em prol da comunidade e de participar ativamente na vida do bairro.<\/p>\n<\/div><\/div>\n<\/div><\/div>\n\n\n\n<div class=\"wp-block-cover alignfull has-nv-dark-bg-color has-text-color has-link-color wp-elements-0e9910b8487265ea870ec86b6c140916\"><span aria-hidden=\"true\" class=\"wp-block-cover__background has-nv-light-bg-background-color has-background-dim-100 has-background-dim\"><\/span><div class=\"wp-block-cover__inner-container is-layout-flow wp-block-cover-is-layout-flow\">\n<h2 class=\"wp-block-heading has-text-align-center\">Quem pode ser s\u00f3cio<\/h2>\n\n\n\n<p class=\"has-text-align-center\">Qualquer pessoa pode ser associada da ART: <br>residentes em Telheiras, na freguesia do Lumiar ou simplesmente pessoas que se identifiquem com os valores e o trabalho da associa\u00e7\u00e3o.<\/p>\n\n\n\n<h2 class=\"wp-block-heading has-text-align-center\">O mais importante \u00e9 simpatizar com a miss\u00e3o da ART e rever-se no seu projeto comunit\u00e1rio.<\/h2>\n<\/div><\/div>\n\n\n\n<div class=\"wp-block-cover alignfull has-nv-dark-bg-color has-text-color has-link-color wp-elements-06b8f679e4d491fd0896188fcb593d43\" style=\"min-height:700px;aspect-ratio:unset;\"><span aria-hidden=\"true\" class=\"wp-block-cover__background has-neve-link-color-background-color has-background-dim-100 has-background-dim\"><\/span><div class=\"wp-block-cover__inner-container is-layout-flow wp-block-cover-is-layout-flow\">\n<h2 class=\"wp-block-heading has-text-align-center\">Porqu\u00ea ser s\u00f3cio<\/h2>\n\n\n\n<p class=\"has-text-align-center\">A quota dos s\u00f3cios \u00e9 fundamental para garantir o funcionamento da associa\u00e7\u00e3o e o desenvolvimento das suas atividades em benef\u00edcio da comunidade.<\/p>\n\n\n\n<h3 class=\"wp-block-heading has-text-align-center\"><br>Ser s\u00f3cio da ART:<\/h3>\n\n\n\n<p data-wp-context---core-fit-text=\"core\/fit-text::{&quot;fontSize&quot;:&quot;&quot;}\" data-wp-init---core-fit-text=\"core\/fit-text::callbacks.init\" data-wp-interactive data-wp-style--font-size=\"core\/fit-text::context.fontSize\" class=\"has-text-align-center has-fit-text\">Contribui diretamente para a sustentabilidade da associa\u00e7\u00e3o;<br>Apoia iniciativas culturais, c\u00edvicas e comunit\u00e1rias;<br>Permite participar plenamente nas atividades promovidas pela ART.<\/p>\n\n\n\n<p class=\"has-text-align-center\"><\/p>\n<\/div><\/div>\n\n\n\n<div class=\"wp-block-cover alignfull has-nv-dark-bg-color has-text-color has-link-color wp-elements-8f8c544843fa01192dc30925aab2675c\" style=\"min-height:700px;aspect-ratio:unset;\"><span aria-hidden=\"true\" class=\"wp-block-cover__background has-nv-site-bg-background-color has-background-dim-100 has-background-dim\"><\/span><div class=\"wp-block-cover__inner-container is-layout-flow wp-block-cover-is-layout-flow\">\n<h2 class=\"wp-block-heading has-text-align-center\">Tornar-se s\u00f3cio em dois passos:<\/h2>\n\n\n\n<div style=\"height:17px\" aria-hidden=\"true\" class=\"wp-block-spacer\"><\/div>\n\n\n\n<div class=\"wp-block-columns is-layout-flex wp-container-core-columns-is-layout-ed5226f6 wp-block-columns-is-layout-flex\" style=\"padding-right:0;padding-left:0\">\n<div class=\"wp-block-column is-layout-flow wp-block-column-is-layout-flow\" style=\"padding-right:var(--wp--preset--spacing--60);padding-left:var(--wp--preset--spacing--60)\">\n<h2 class=\"wp-block-heading has-text-align-center\">1.<\/h2>\n\n\n\n<p class=\"has-text-align-center has-medium-font-size\">Preencher a ficha de inscri\u00e7\u00e3o<br>Preencha o formul\u00e1rio de inscri\u00e7\u00e3o e submeta-o atrav\u00e9s do bot\u00e3o abaixo.<\/p>\n\n\n\n<div class=\"wp-block-buttons is-content-justification-center is-layout-flex wp-container-core-buttons-is-layout-16018d1d wp-block-buttons-is-layout-flex\">\n<div class=\"wp-block-button\"><a class=\"wp-block-button__link wp-element-button\" href=\"https:\/\/socios.quotasonline.pt\/arttelheiras\/inscricao\" target=\"_blank\" rel=\"noreferrer noopener\">Ficha de Inscri\u00e7\u00e3o de S\u00f3cio<\/a><\/div>\n<\/div>\n<\/div>\n\n\n\n<div class=\"wp-block-column is-layout-flow wp-block-column-is-layout-flow\" style=\"padding-right:var(--wp--preset--spacing--60);padding-left:var(--wp--preset--spacing--60)\">\n<h2 class=\"wp-block-heading has-text-align-center\">2.<\/h2>\n\n\n\n<p class=\"has-text-align-center has-medium-font-size\">Efetuar o pagamento da quota anual<br>O valor da quota anual \u00e9 de <strong>30 \u20ac.<\/strong><\/p>\n\n\n\n<p class=\"has-text-align-center has-medium-font-size\"><strong>IBAN:<\/strong> PT50-0033-0000-45822390564-05<br><strong>BIC: <\/strong>BCOMPTPL<br><strong>Banco: <\/strong>Millennium BCP<\/p>\n<\/div>\n<\/div>\n\n\n\n<div style=\"height:17px\" aria-hidden=\"true\" class=\"wp-block-spacer\"><\/div>\n\n\n\n<hr class=\"wp-block-separator has-alpha-channel-opacity is-style-dots\"\/>\n\n\n\n<p class=\"has-text-align-left\"><strong>Precisa de ajuda? <\/strong><br>Se desejar algum esclarecimento adicional sobre o processo de inscri\u00e7\u00e3o como s\u00f3cio, pode <a href=\"mailto:arttelheiras@gmail.com\">contactar-nos por email<\/a><\/p>\n\n\n\n<hr class=\"wp-block-separator has-alpha-channel-opacity is-style-dots\"\/>\n<\/div><\/div>\n\n\n\n<div style=\"height:48px\" aria-hidden=\"true\" class=\"wp-block-spacer\"><\/div>\n\n\n\n<div class=\"wp-block-cover alignfull has-nv-dark-bg-color has-text-color has-link-color wp-elements-c06d1a9bc4f505873ca71cbfbd77f519\" style=\"padding-right:var(--wp--preset--spacing--80);padding-left:var(--wp--preset--spacing--80);min-height:382px;aspect-ratio:unset;\"><span aria-hidden=\"true\" class=\"wp-block-cover__background has-neve-link-color-background-color has-background-dim-100 has-background-dim\"><\/span><div class=\"wp-block-cover__inner-container is-layout-constrained wp-container-core-cover-is-layout-8de92ddb wp-block-cover-is-layout-constrained\">\n<div style=\"height:58px\" aria-hidden=\"true\" class=\"wp-block-spacer\"><\/div>\n\n\n\n<div class=\"wp-block-columns alignwide is-layout-flex wp-container-core-columns-is-layout-9d6595d7 wp-block-columns-is-layout-flex\">\n<div class=\"wp-block-column is-layout-flow wp-block-column-is-layout-flow\" style=\"flex-basis:10%\"><\/div>\n\n\n\n<div class=\"wp-block-column is-layout-flow wp-block-column-is-layout-flow\" style=\"flex-basis:80%\">\n<p class=\"has-text-align-center has-nv-dark-bg-color has-text-color has-link-color has-medium-font-size wp-elements-0fa402ff8e3a991db5c95213c09ca51b\">A Associa\u00e7\u00e3o de Residentes de Telheiras representa e defende os interesses de um bairro junto das entidades respons\u00e1veis.<\/p>\n\n\n\n<h2 class=\"wp-block-heading has-text-align-center has-nv-dark-bg-color has-text-color has-link-color wp-elements-1483b9c02a23fbefd4918ba483342b35\">Quantos mais formos, mais for\u00e7a teremos, para influenciar e solucionar os problemas da comunidade.<\/h2>\n\n\n\n<p class=\"has-text-align-center has-nv-dark-bg-color has-text-color has-link-color has-medium-font-size wp-elements-20c6061787a0d7b89e062239465258a6\"><strong>Obrigado pela sua participa\u00e7\u00e3o!<\/strong><\/p>\n\n\n\n<p class=\"has-text-align-center has-nv-dark-bg-color has-text-color has-link-color has-small-font-size wp-elements-858d1414d2729652a2a5fb7299b69ce3\">Visite as nossas redes sociais. Partilhe e participe.<\/p>\n\n\n\n<ul class=\"wp-block-social-links has-normal-icon-size is-style-logos-only is-content-justification-center is-layout-flex wp-container-core-social-links-is-layout-16018d1d wp-block-social-links-is-layout-flex\"><li class=\"wp-social-link wp-social-link-facebook  wp-block-social-link\"><a href=\"https:\/\/www.facebook.com\/artelheiras\" class=\"wp-block-social-link-anchor\"><svg width=\"24\" height=\"24\" viewBox=\"0 0 24 24\" version=\"1.1\" xmlns=\"http:\/\/www.w3.org\/2000\/svg\" aria-hidden=\"true\" focusable=\"false\"><path d=\"M12 2C6.5 2 2 6.5 2 12c0 5 3.7 9.1 8.4 9.9v-7H7.9V12h2.5V9.8c0-2.5 1.5-3.9 3.8-3.9 1.1 0 2.2.2 2.2.2v2.5h-1.3c-1.2 0-1.6.8-1.6 1.6V12h2.8l-.4 2.9h-2.3v7C18.3 21.1 22 17 22 12c0-5.5-4.5-10-10-10z\"><\/path><\/svg><span class=\"wp-block-social-link-label screen-reader-text\">Facebook<\/span><\/a><\/li>\n\n<li class=\"wp-social-link wp-social-link-instagram  wp-block-social-link\"><a href=\"https:\/\/www.instagram.com\/arttelheiras\/\" class=\"wp-block-social-link-anchor\"><svg width=\"24\" height=\"24\" viewBox=\"0 0 24 24\" version=\"1.1\" xmlns=\"http:\/\/www.w3.org\/2000\/svg\" aria-hidden=\"true\" focusable=\"false\"><path d=\"M12,4.622c2.403,0,2.688,0.009,3.637,0.052c0.877,0.04,1.354,0.187,1.671,0.31c0.42,0.163,0.72,0.358,1.035,0.673 c0.315,0.315,0.51,0.615,0.673,1.035c0.123,0.317,0.27,0.794,0.31,1.671c0.043,0.949,0.052,1.234,0.052,3.637 s-0.009,2.688-0.052,3.637c-0.04,0.877-0.187,1.354-0.31,1.671c-0.163,0.42-0.358,0.72-0.673,1.035 c-0.315,0.315-0.615,0.51-1.035,0.673c-0.317,0.123-0.794,0.27-1.671,0.31c-0.949,0.043-1.233,0.052-3.637,0.052 s-2.688-0.009-3.637-0.052c-0.877-0.04-1.354-0.187-1.671-0.31c-0.42-0.163-0.72-0.358-1.035-0.673 c-0.315-0.315-0.51-0.615-0.673-1.035c-0.123-0.317-0.27-0.794-0.31-1.671C4.631,14.688,4.622,14.403,4.622,12 s0.009-2.688,0.052-3.637c0.04-0.877,0.187-1.354,0.31-1.671c0.163-0.42,0.358-0.72,0.673-1.035 c0.315-0.315,0.615-0.51,1.035-0.673c0.317-0.123,0.794-0.27,1.671-0.31C9.312,4.631,9.597,4.622,12,4.622 M12,3 C9.556,3,9.249,3.01,8.289,3.054C7.331,3.098,6.677,3.25,6.105,3.472C5.513,3.702,5.011,4.01,4.511,4.511 c-0.5,0.5-0.808,1.002-1.038,1.594C3.25,6.677,3.098,7.331,3.054,8.289C3.01,9.249,3,9.556,3,12c0,2.444,0.01,2.751,0.054,3.711 c0.044,0.958,0.196,1.612,0.418,2.185c0.23,0.592,0.538,1.094,1.038,1.594c0.5,0.5,1.002,0.808,1.594,1.038 c0.572,0.222,1.227,0.375,2.185,0.418C9.249,20.99,9.556,21,12,21s2.751-0.01,3.711-0.054c0.958-0.044,1.612-0.196,2.185-0.418 c0.592-0.23,1.094-0.538,1.594-1.038c0.5-0.5,0.808-1.002,1.038-1.594c0.222-0.572,0.375-1.227,0.418-2.185 C20.99,14.751,21,14.444,21,12s-0.01-2.751-0.054-3.711c-0.044-0.958-0.196-1.612-0.418-2.185c-0.23-0.592-0.538-1.094-1.038-1.594 c-0.5-0.5-1.002-0.808-1.594-1.038c-0.572-0.222-1.227-0.375-2.185-0.418C14.751,3.01,14.444,3,12,3L12,3z M12,7.378 c-2.552,0-4.622,2.069-4.622,4.622S9.448,16.622,12,16.622s4.622-2.069,4.622-4.622S14.552,7.378,12,7.378z M12,15 c-1.657,0-3-1.343-3-3s1.343-3,3-3s3,1.343,3,3S13.657,15,12,15z M16.804,6.116c-0.596,0-1.08,0.484-1.08,1.08 s0.484,1.08,1.08,1.08c0.596,0,1.08-0.484,1.08-1.08S17.401,6.116,16.804,6.116z\"><\/path><\/svg><span class=\"wp-block-social-link-label screen-reader-text\">Instagram<\/span><\/a><\/li><\/ul>\n<\/div>\n\n\n\n<div class=\"wp-block-column is-layout-flow wp-block-column-is-layout-flow\" style=\"flex-basis:10%\"><\/div>\n<\/div>\n\n\n\n<div style=\"height:27px\" aria-hidden=\"true\" class=\"wp-block-spacer\"><\/div>\n<\/div><\/div>\n","protected":false},"excerpt":{"rendered":"","protected":false},"author":1,"featured_media":0,"parent":0,"menu_order":1,"comment_status":"closed","ping_status":"closed","template":"","meta":{"neve_meta_sidebar":"","neve_meta_container":"default","neve_meta_enable_content_width":"on","neve_meta_content_width":100,"neve_meta_title_alignment":"","neve_meta_author_avatar":"","neve_post_elements_order":"","neve_meta_disable_header":"","neve_meta_disable_footer":"","neve_meta_disable_title":"on","_themeisle_gutenberg_block_has_review":false,"footnotes":""},"class_list":["post-1272","page","type-page","status-publish","hentry"],"jetpack_sharing_enabled":true,"jetpack_likes_enabled":true,"_links":{"self":[{"href":"https:\/\/art-telheiras.pt\/index.php?rest_route=\/wp\/v2\/pages\/1272","targetHints":{"allow":["GET"]}}],"collection":[{"href":"https:\/\/art-telheiras.pt\/index.php?rest_route=\/wp\/v2\/pages"}],"about":[{"href":"https:\/\/art-telheiras.pt\/index.php?rest_route=\/wp\/v2\/types\/page"}],"author":[{"embeddable":true,"href":"https:\/\/art-telheiras.pt\/index.php?rest_route=\/wp\/v2\/users\/1"}],"replies":[{"embeddable":true,"href":"https:\/\/art-telheiras.pt\/index.php?rest_route=%2Fwp%2Fv2%2Fcomments&post=1272"}],"version-history":[{"count":40,"href":"https:\/\/art-telheiras.pt\/index.php?rest_route=\/wp\/v2\/pages\/1272\/revisions"}],"predecessor-version":[{"id":1934,"href":"https:\/\/art-telheiras.pt\/index.php?rest_route=\/wp\/v2\/pages\/1272\/revisions\/1934"}],"wp:attachment":[{"href":"https:\/\/art-telheiras.pt\/index.php?rest_route=%2Fwp%2Fv2%2Fmedia&parent=1272"}],"curies":[{"name":"wp","href":"https:\/\/api.w.org\/{rel}","templated":true}]}}