{"id":1924,"date":"2026-01-16T17:01:01","date_gmt":"2026-01-16T16:01:01","guid":{"rendered":"https:\/\/art-telheiras.pt\/?page_id=1924"},"modified":"2026-01-16T17:06:37","modified_gmt":"2026-01-16T16:06:37","slug":"mensagem-da-presidente","status":"publish","type":"page","link":"https:\/\/art-telheiras.pt\/?page_id=1924","title":{"rendered":"Mensagem da Presidente"},"content":{"rendered":"\n<h4 class=\"wp-block-heading\" style=\"text-transform:uppercase\">Mensagem da dire\u00e7\u00e3o<\/h4>\n\n\n\n<h2 class=\"wp-block-heading\">Um trabalho coletivo, com responsabilidade partilhada<\/h2>\n\n\n\n<div class=\"wp-block-group\"><div class=\"wp-block-group__inner-container is-layout-constrained wp-block-group-is-layout-constrained\">\n<p class=\"has-text-align-left has-neve-text-color-color has-text-color\">A ART \u2013 Associa\u00e7\u00e3o de Residentes de Telheiras \u00e9, antes de mais, um projeto coletivo. Um espa\u00e7o constru\u00eddo com o contributo volunt\u00e1rio de pessoas que acreditam que a vida de bairro se faz com participa\u00e7\u00e3o, di\u00e1logo e compromisso.<\/p>\n\n\n\n<p class=\"has-text-align-left has-neve-text-color-color has-text-color\"><br>A atual Dire\u00e7\u00e3o assume este mandato com um sentido claro de responsabilidade e servi\u00e7o. O trabalho da ART assenta na coopera\u00e7\u00e3o entre os seus membros, na escuta ativa dos residentes e na concretiza\u00e7\u00e3o faseada do programa Telheiras Viva 2025\u20132027.<br><\/p>\n\n\n\n<p class=\"has-text-align-left has-neve-text-color-color has-text-color\">Sabemos que uma associa\u00e7\u00e3o vive do tempo, da dedica\u00e7\u00e3o e da generosidade de quem participa. Por isso, o nosso trabalho ser\u00e1 sempre feito em equipa, em di\u00e1logo permanente com os s\u00f3cios, os moradores, os parceiros locais e todas as pessoas que queiram contribuir para um Telheiras mais unido, solid\u00e1rio e sustent\u00e1vel.<br><\/p>\n\n\n\n<p class=\"has-text-align-left has-neve-text-color-color has-text-color\">Este \u00e9 um mandato para cuidar do bairro, refor\u00e7ar la\u00e7os de proximidade e criar espa\u00e7os onde todos possam participar e fazer ouvir a sua voz.<br><\/p>\n\n\n\n<p class=\"has-text-align-left has-neve-text-color-color has-text-color\">A ART est\u00e1 aberta.<br>\u00c0s ideias, \u00e0s propostas e \u00e0 participa\u00e7\u00e3o de todos.<br><\/p>\n\n\n\n<p class=\"has-text-align-left has-neve-text-color-color has-text-color\"><strong>Telheiras s\u00f3 \u00e9 viva quando \u00e9 vivida em conjunto.<\/strong><br><\/p>\n\n\n\n<p class=\"has-text-align-left has-neve-text-color-color has-text-color\"><strong>Marta Santos Vieira<\/strong>,<br>Presidente da Dire\u00e7\u00e3o da ART<br>em nome da Dire\u00e7\u00e3o<\/p>\n\n\n\n<p><\/p>\n<\/div><\/div>\n","protected":false},"excerpt":{"rendered":"<p>Mensagem da dire\u00e7\u00e3o Um trabalho coletivo, com responsabilidade partilhada A ART \u2013 Associa\u00e7\u00e3o de Residentes de Telheiras \u00e9, antes de mais, um projeto coletivo. Um espa\u00e7o constru\u00eddo com o contributo&hellip;&nbsp;<a href=\"https:\/\/art-telheiras.pt\/?page_id=1924\" rel=\"bookmark\">Ler mais &raquo;<span class=\"screen-reader-text\">Mensagem da Presidente<\/span><\/a><\/p>\n","protected":false},"author":1,"featured_media":0,"parent":0,"menu_order":0,"comment_status":"closed","ping_status":"closed","template":"","meta":{"neve_meta_sidebar":"","neve_meta_container":"","neve_meta_enable_content_width":"","neve_meta_content_width":0,"neve_meta_title_alignment":"","neve_meta_author_avatar":"","neve_post_elements_order":"","neve_meta_disable_header":"","neve_meta_disable_footer":"","neve_meta_disable_title":"","_themeisle_gutenberg_block_has_review":false,"footnotes":""},"class_list":["post-1924","page","type-page","status-publish","hentry"],"jetpack_sharing_enabled":true,"jetpack_likes_enabled":true,"_links":{"self":[{"href":"https:\/\/art-telheiras.pt\/index.php?rest_route=\/wp\/v2\/pages\/1924","targetHints":{"allow":["GET"]}}],"collection":[{"href":"https:\/\/art-telheiras.pt\/index.php?rest_route=\/wp\/v2\/pages"}],"about":[{"href":"https:\/\/art-telheiras.pt\/index.php?rest_route=\/wp\/v2\/types\/page"}],"author":[{"embeddable":true,"href":"https:\/\/art-telheiras.pt\/index.php?rest_route=\/wp\/v2\/users\/1"}],"replies":[{"embeddable":true,"href":"https:\/\/art-telheiras.pt\/index.php?rest_route=%2Fwp%2Fv2%2Fcomments&post=1924"}],"version-history":[{"count":4,"href":"https:\/\/art-telheiras.pt\/index.php?rest_route=\/wp\/v2\/pages\/1924\/revisions"}],"predecessor-version":[{"id":1931,"href":"https:\/\/art-telheiras.pt\/index.php?rest_route=\/wp\/v2\/pages\/1924\/revisions\/1931"}],"wp:attachment":[{"href":"https:\/\/art-telheiras.pt\/index.php?rest_route=%2Fwp%2Fv2%2Fmedia&parent=1924"}],"curies":[{"name":"wp","href":"https:\/\/api.w.org\/{rel}","templated":true}]}}