{"id":389,"date":"2024-01-08T23:16:53","date_gmt":"2024-01-08T23:16:53","guid":{"rendered":"https:\/\/art-telheiras.pt\/?page_id=389"},"modified":"2026-01-15T18:07:37","modified_gmt":"2026-01-15T17:07:37","slug":"atividades","status":"publish","type":"page","link":"https:\/\/art-telheiras.pt\/?page_id=389","title":{"rendered":"Atividades da ART"},"content":{"rendered":"<div class=\"is-style-boxed has-light-bg wp-block-themeisle-blocks-posts-grid\" id=\"wp-block-themeisle-blocks-posts-grid-8d7fe112\"><div class=\"is-grid o-posts-grid-columns-3\"><div class=\"o-posts-grid-post-blog o-posts-grid-post-plain\"><div class=\"o-posts-grid-post\"><div class=\"o-posts-grid-post-body is-full\"><h3 class=\"o-posts-grid-post-title\"><a href=\"https:\/\/art-telheiras.pt\/?p=1884\">Atelier de Desenho e Pintura<\/a><\/h3><div class=\"o-posts-grid-post-description\"><p>O Atelier de Desenho e Pintura \u00e9 um espa\u00e7o de cria\u00e7\u00e3o art\u00edstica aberto a todas as idades e n\u00edveis de\u2026<\/p><a class=\"o-posts-read-more\" href=\"https:\/\/art-telheiras.pt\/?p=1884\">Read More<\/a><\/div><\/div><\/div><\/div><div class=\"o-posts-grid-post-blog o-posts-grid-post-plain\"><div class=\"o-posts-grid-post\"><div class=\"o-posts-grid-post-image\"><a href=\"https:\/\/art-telheiras.pt\/?p=442\"><img loading=\"lazy\" decoding=\"async\" width=\"1200\" height=\"700\" src=\"https:\/\/art-telheiras.pt\/wp-content\/uploads\/2024\/01\/Ballet-1200x700-1.jpg\" class=\"attachment-full size-full\" alt=\"Ballet &#8211; Inicia\u00e7\u00e3o ao Movimento\" srcset=\"https:\/\/art-telheiras.pt\/wp-content\/uploads\/2024\/01\/Ballet-1200x700-1.jpg 1200w, https:\/\/art-telheiras.pt\/wp-content\/uploads\/2024\/01\/Ballet-1200x700-1-300x175.jpg 300w, https:\/\/art-telheiras.pt\/wp-content\/uploads\/2024\/01\/Ballet-1200x700-1-1024x597.jpg 1024w, https:\/\/art-telheiras.pt\/wp-content\/uploads\/2024\/01\/Ballet-1200x700-1-768x448.jpg 768w\" sizes=\"(max-width: 1200px) 100vw, 1200px\" \/><\/a><\/div><div class=\"o-posts-grid-post-body\"><h3 class=\"o-posts-grid-post-title\"><a href=\"https:\/\/art-telheiras.pt\/?p=442\">Ballet &#8211; Inicia\u00e7\u00e3o ao Movimento<\/a><\/h3><div class=\"o-posts-grid-post-description\"><p>Em fase com o desenvolvimento de cada crian\u00e7a, as aulas desenvolvem-se a partir dos tr\u00eas eixos: o co\u2026<\/p><a class=\"o-posts-read-more\" href=\"https:\/\/art-telheiras.pt\/?p=442\">Read More<\/a><\/div><\/div><\/div><\/div><div class=\"o-posts-grid-post-blog o-posts-grid-post-plain\"><div class=\"o-posts-grid-post\"><div class=\"o-posts-grid-post-image\"><a href=\"https:\/\/art-telheiras.pt\/?p=1163\"><img loading=\"lazy\" decoding=\"async\" width=\"1267\" height=\"702\" src=\"https:\/\/art-telheiras.pt\/wp-content\/uploads\/2024\/02\/img-dest.jpg\" class=\"attachment-full size-full\" alt=\"Bem-Estar F\u00edsico\" srcset=\"https:\/\/art-telheiras.pt\/wp-content\/uploads\/2024\/02\/img-dest.jpg 1267w, https:\/\/art-telheiras.pt\/wp-content\/uploads\/2024\/02\/img-dest-300x166.jpg 300w, https:\/\/art-telheiras.pt\/wp-content\/uploads\/2024\/02\/img-dest-1024x567.jpg 1024w, https:\/\/art-telheiras.pt\/wp-content\/uploads\/2024\/02\/img-dest-768x426.jpg 768w\" sizes=\"(max-width: 1267px) 100vw, 1267px\" \/><\/a><\/div><div class=\"o-posts-grid-post-body\"><h3 class=\"o-posts-grid-post-title\"><a href=\"https:\/\/art-telheiras.pt\/?p=1163\">Bem-Estar F\u00edsico<\/a><\/h3><div class=\"o-posts-grid-post-description\"><p>Desenvolve a consci\u00eancia corporal, melhorando a postura, utilizando exerc\u00edcios que promovem a resist\u2026<\/p><a class=\"o-posts-read-more\" href=\"https:\/\/art-telheiras.pt\/?p=1163\">Read More<\/a><\/div><\/div><\/div><\/div><div class=\"o-posts-grid-post-blog o-posts-grid-post-plain\"><div class=\"o-posts-grid-post\"><div class=\"o-posts-grid-post-image\"><a href=\"https:\/\/art-telheiras.pt\/?p=920\"><img loading=\"lazy\" decoding=\"async\" width=\"1200\" height=\"700\" src=\"https:\/\/art-telheiras.pt\/wp-content\/uploads\/2024\/02\/ChiKung-1200x700-1.jpg\" class=\"attachment-full size-full\" alt=\"Chi Kung\" srcset=\"https:\/\/art-telheiras.pt\/wp-content\/uploads\/2024\/02\/ChiKung-1200x700-1.jpg 1200w, https:\/\/art-telheiras.pt\/wp-content\/uploads\/2024\/02\/ChiKung-1200x700-1-300x175.jpg 300w, https:\/\/art-telheiras.pt\/wp-content\/uploads\/2024\/02\/ChiKung-1200x700-1-1024x597.jpg 1024w, https:\/\/art-telheiras.pt\/wp-content\/uploads\/2024\/02\/ChiKung-1200x700-1-768x448.jpg 768w\" sizes=\"(max-width: 1200px) 100vw, 1200px\" \/><\/a><\/div><div class=\"o-posts-grid-post-body\"><h3 class=\"o-posts-grid-post-title\"><a href=\"https:\/\/art-telheiras.pt\/?p=920\">Chi Kung<\/a><\/h3><div class=\"o-posts-grid-post-description\"><p>Chi Kung Terap\u00eautico que combina movimentos suaves, harmoniosos e fluidos, t\u00e9cnicas de respira\u00e7\u00e3o e \u2026<\/p><a class=\"o-posts-read-more\" href=\"https:\/\/art-telheiras.pt\/?p=920\">Read More<\/a><\/div><\/div><\/div><\/div><div class=\"o-posts-grid-post-blog o-posts-grid-post-plain\"><div class=\"o-posts-grid-post\"><div class=\"o-posts-grid-post-image\"><a href=\"https:\/\/art-telheiras.pt\/?p=629\"><img loading=\"lazy\" decoding=\"async\" width=\"1600\" height=\"900\" src=\"https:\/\/art-telheiras.pt\/wp-content\/uploads\/2024\/01\/ImagensDestaque.jpg\" class=\"attachment-full size-full\" alt=\"Clube Phoenix\" srcset=\"https:\/\/art-telheiras.pt\/wp-content\/uploads\/2024\/01\/ImagensDestaque.jpg 1600w, https:\/\/art-telheiras.pt\/wp-content\/uploads\/2024\/01\/ImagensDestaque-300x169.jpg 300w, https:\/\/art-telheiras.pt\/wp-content\/uploads\/2024\/01\/ImagensDestaque-1024x576.jpg 1024w, https:\/\/art-telheiras.pt\/wp-content\/uploads\/2024\/01\/ImagensDestaque-768x432.jpg 768w, https:\/\/art-telheiras.pt\/wp-content\/uploads\/2024\/01\/ImagensDestaque-1536x864.jpg 1536w\" sizes=\"(max-width: 1600px) 100vw, 1600px\" \/><\/a><\/div><div class=\"o-posts-grid-post-body\"><h3 class=\"o-posts-grid-post-title\"><a href=\"https:\/\/art-telheiras.pt\/?p=629\">Clube Phoenix<\/a><\/h3><div class=\"o-posts-grid-post-description\"><p>Dirigido \u00e0 popula\u00e7\u00e3o senior do bairro, o Clube Phoenix pretende contribuir para usufruir de uma vida\u2026<\/p><a class=\"o-posts-read-more\" href=\"https:\/\/art-telheiras.pt\/?p=629\">Read More<\/a><\/div><\/div><\/div><\/div><div class=\"o-posts-grid-post-blog o-posts-grid-post-plain\"><div class=\"o-posts-grid-post\"><div class=\"o-posts-grid-post-image\"><a href=\"https:\/\/art-telheiras.pt\/?p=631\"><img loading=\"lazy\" decoding=\"async\" width=\"492\" height=\"316\" src=\"https:\/\/art-telheiras.pt\/wp-content\/uploads\/2024\/01\/coroart-logo-lr.png\" class=\"attachment-full size-full\" alt=\"CoroART\" srcset=\"https:\/\/art-telheiras.pt\/wp-content\/uploads\/2024\/01\/coroart-logo-lr.png 492w, https:\/\/art-telheiras.pt\/wp-content\/uploads\/2024\/01\/coroart-logo-lr-300x193.png 300w\" sizes=\"(max-width: 492px) 100vw, 492px\" \/><\/a><\/div><div class=\"o-posts-grid-post-body\"><h3 class=\"o-posts-grid-post-title\"><a href=\"https:\/\/art-telheiras.pt\/?p=631\">CoroART<\/a><\/h3><div class=\"o-posts-grid-post-description\"><p>Dirigido pela Maestrina Sara Afonso e secundada pelo maestro assistente\/pianista Pedro Ramos, o Coro\u2026<\/p><a class=\"o-posts-read-more\" href=\"https:\/\/art-telheiras.pt\/?p=631\">Read More<\/a><\/div><\/div><\/div><\/div><div class=\"o-posts-grid-post-blog o-posts-grid-post-plain\"><div class=\"o-posts-grid-post\"><div class=\"o-posts-grid-post-image\"><a href=\"https:\/\/art-telheiras.pt\/?p=627\"><img loading=\"lazy\" decoding=\"async\" width=\"1600\" height=\"900\" src=\"https:\/\/art-telheiras.pt\/wp-content\/uploads\/2024\/01\/ImagensDestaqueDancaEsc.jpg\" class=\"attachment-full size-full\" alt=\"Dan\u00e7as Escocesas\" srcset=\"https:\/\/art-telheiras.pt\/wp-content\/uploads\/2024\/01\/ImagensDestaqueDancaEsc.jpg 1600w, https:\/\/art-telheiras.pt\/wp-content\/uploads\/2024\/01\/ImagensDestaqueDancaEsc-300x169.jpg 300w, https:\/\/art-telheiras.pt\/wp-content\/uploads\/2024\/01\/ImagensDestaqueDancaEsc-1024x576.jpg 1024w, https:\/\/art-telheiras.pt\/wp-content\/uploads\/2024\/01\/ImagensDestaqueDancaEsc-768x432.jpg 768w, https:\/\/art-telheiras.pt\/wp-content\/uploads\/2024\/01\/ImagensDestaqueDancaEsc-1536x864.jpg 1536w\" sizes=\"(max-width: 1600px) 100vw, 1600px\" \/><\/a><\/div><div class=\"o-posts-grid-post-body\"><h3 class=\"o-posts-grid-post-title\"><a href=\"https:\/\/art-telheiras.pt\/?p=627\">Dan\u00e7as Escocesas<\/a><\/h3><div class=\"o-posts-grid-post-description\"><p>O professor Roger Picken d\u00e1 as aulas juntamente com a sua mulher Sue Willdig. O material principal s\u2026<\/p><a class=\"o-posts-read-more\" href=\"https:\/\/art-telheiras.pt\/?p=627\">Read More<\/a><\/div><\/div><\/div><\/div><div class=\"o-posts-grid-post-blog o-posts-grid-post-plain\"><div class=\"o-posts-grid-post\"><div class=\"o-posts-grid-post-image\"><a href=\"https:\/\/art-telheiras.pt\/?p=615\"><img loading=\"lazy\" decoding=\"async\" width=\"1224\" height=\"757\" src=\"https:\/\/art-telheiras.pt\/wp-content\/uploads\/2024\/01\/Cantares_img.jpg\" class=\"attachment-full size-full\" alt=\"Grupo Feminino de Cantares\" srcset=\"https:\/\/art-telheiras.pt\/wp-content\/uploads\/2024\/01\/Cantares_img.jpg 1224w, https:\/\/art-telheiras.pt\/wp-content\/uploads\/2024\/01\/Cantares_img-300x186.jpg 300w, https:\/\/art-telheiras.pt\/wp-content\/uploads\/2024\/01\/Cantares_img-1024x633.jpg 1024w, https:\/\/art-telheiras.pt\/wp-content\/uploads\/2024\/01\/Cantares_img-768x475.jpg 768w\" sizes=\"(max-width: 1224px) 100vw, 1224px\" \/><\/a><\/div><div class=\"o-posts-grid-post-body\"><h3 class=\"o-posts-grid-post-title\"><a href=\"https:\/\/art-telheiras.pt\/?p=615\">Grupo Feminino de Cantares<\/a><\/h3><div class=\"o-posts-grid-post-description\"><p>Para informa\u00e7\u00f5es, contactar Ana Salta: Tel: 966 349 677 Hor\u00e1rios: Segunda-feira, 18h &#8211; 19h30 L\u2026<\/p><a class=\"o-posts-read-more\" href=\"https:\/\/art-telheiras.pt\/?p=615\">Read More<\/a><\/div><\/div><\/div><\/div><div class=\"o-posts-grid-post-blog o-posts-grid-post-plain\"><div class=\"o-posts-grid-post\"><div class=\"o-posts-grid-post-image\"><a href=\"https:\/\/art-telheiras.pt\/?p=1187\"><img loading=\"lazy\" decoding=\"async\" width=\"1200\" height=\"700\" src=\"https:\/\/art-telheiras.pt\/wp-content\/uploads\/2024\/02\/Guitarra-1200x700_2.jpg\" class=\"attachment-full size-full\" alt=\"Guitarra Cl\u00e1ssica\" srcset=\"https:\/\/art-telheiras.pt\/wp-content\/uploads\/2024\/02\/Guitarra-1200x700_2.jpg 1200w, https:\/\/art-telheiras.pt\/wp-content\/uploads\/2024\/02\/Guitarra-1200x700_2-300x175.jpg 300w, https:\/\/art-telheiras.pt\/wp-content\/uploads\/2024\/02\/Guitarra-1200x700_2-1024x597.jpg 1024w, https:\/\/art-telheiras.pt\/wp-content\/uploads\/2024\/02\/Guitarra-1200x700_2-768x448.jpg 768w\" sizes=\"(max-width: 1200px) 100vw, 1200px\" \/><\/a><\/div><div class=\"o-posts-grid-post-body\"><h3 class=\"o-posts-grid-post-title\"><a href=\"https:\/\/art-telheiras.pt\/?p=1187\">Guitarra Cl\u00e1ssica<\/a><\/h3><div class=\"o-posts-grid-post-description\"><p>Aulas que pretendem levar a m\u00fasica a todos, estimulando de uma forma livre e espont\u00e2nea a criativida\u2026<\/p><a class=\"o-posts-read-more\" href=\"https:\/\/art-telheiras.pt\/?p=1187\">Read More<\/a><\/div><\/div><\/div><\/div><div class=\"o-posts-grid-post-blog o-posts-grid-post-plain\"><div class=\"o-posts-grid-post\"><div class=\"o-posts-grid-post-image\"><a href=\"https:\/\/art-telheiras.pt\/?p=625\"><img loading=\"lazy\" decoding=\"async\" width=\"1200\" height=\"700\" src=\"https:\/\/art-telheiras.pt\/wp-content\/uploads\/2024\/01\/HoraDoConto-2-1200x700-1.jpg\" class=\"attachment-full size-full\" alt=\"Hora do Conto\" srcset=\"https:\/\/art-telheiras.pt\/wp-content\/uploads\/2024\/01\/HoraDoConto-2-1200x700-1.jpg 1200w, https:\/\/art-telheiras.pt\/wp-content\/uploads\/2024\/01\/HoraDoConto-2-1200x700-1-300x175.jpg 300w, https:\/\/art-telheiras.pt\/wp-content\/uploads\/2024\/01\/HoraDoConto-2-1200x700-1-1024x597.jpg 1024w, https:\/\/art-telheiras.pt\/wp-content\/uploads\/2024\/01\/HoraDoConto-2-1200x700-1-768x448.jpg 768w\" sizes=\"(max-width: 1200px) 100vw, 1200px\" \/><\/a><\/div><div class=\"o-posts-grid-post-body\"><h3 class=\"o-posts-grid-post-title\"><a href=\"https:\/\/art-telheiras.pt\/?p=625\">Hora do Conto<\/a><\/h3><div class=\"o-posts-grid-post-description\"><p>A Hora do Conto \u00e9 um espa\u00e7o informal e gratuito, que existe desde 2016, onde se procura explorar o m\u2026<\/p><a class=\"o-posts-read-more\" href=\"https:\/\/art-telheiras.pt\/?p=625\">Read More<\/a><\/div><\/div><\/div><\/div><div class=\"o-posts-grid-post-blog o-posts-grid-post-plain\"><div class=\"o-posts-grid-post\"><div class=\"o-posts-grid-post-image\"><a href=\"https:\/\/art-telheiras.pt\/?p=623\"><img loading=\"lazy\" decoding=\"async\" width=\"1200\" height=\"700\" src=\"https:\/\/art-telheiras.pt\/wp-content\/uploads\/2024\/01\/Line-dance-1200x700-1.jpg\" class=\"attachment-full size-full\" alt=\"Line Dance\" srcset=\"https:\/\/art-telheiras.pt\/wp-content\/uploads\/2024\/01\/Line-dance-1200x700-1.jpg 1200w, https:\/\/art-telheiras.pt\/wp-content\/uploads\/2024\/01\/Line-dance-1200x700-1-300x175.jpg 300w, https:\/\/art-telheiras.pt\/wp-content\/uploads\/2024\/01\/Line-dance-1200x700-1-1024x597.jpg 1024w, https:\/\/art-telheiras.pt\/wp-content\/uploads\/2024\/01\/Line-dance-1200x700-1-768x448.jpg 768w\" sizes=\"(max-width: 1200px) 100vw, 1200px\" \/><\/a><\/div><div class=\"o-posts-grid-post-body\"><h3 class=\"o-posts-grid-post-title\"><a href=\"https:\/\/art-telheiras.pt\/?p=623\">Line Dance<\/a><\/h3><div class=\"o-posts-grid-post-description\"><p>Descendente direta da Era Disco dos anos 70 e das novas dan\u00e7as\u00a0inspiradas no esp\u00edrito Country e West\u2026<\/p><a class=\"o-posts-read-more\" href=\"https:\/\/art-telheiras.pt\/?p=623\">Read More<\/a><\/div><\/div><\/div><\/div><div class=\"o-posts-grid-post-blog o-posts-grid-post-plain\"><div class=\"o-posts-grid-post\"><div class=\"o-posts-grid-post-image\"><a href=\"https:\/\/art-telheiras.pt\/?p=881\"><img loading=\"lazy\" decoding=\"async\" width=\"1600\" height=\"900\" src=\"https:\/\/art-telheiras.pt\/wp-content\/uploads\/2024\/02\/ImagensDestaqueMovCont.jpg\" class=\"attachment-full size-full\" alt=\"Movimento Contempor\u00e2neo\" srcset=\"https:\/\/art-telheiras.pt\/wp-content\/uploads\/2024\/02\/ImagensDestaqueMovCont.jpg 1600w, https:\/\/art-telheiras.pt\/wp-content\/uploads\/2024\/02\/ImagensDestaqueMovCont-300x169.jpg 300w, https:\/\/art-telheiras.pt\/wp-content\/uploads\/2024\/02\/ImagensDestaqueMovCont-1024x576.jpg 1024w, https:\/\/art-telheiras.pt\/wp-content\/uploads\/2024\/02\/ImagensDestaqueMovCont-768x432.jpg 768w, https:\/\/art-telheiras.pt\/wp-content\/uploads\/2024\/02\/ImagensDestaqueMovCont-1536x864.jpg 1536w\" sizes=\"(max-width: 1600px) 100vw, 1600px\" \/><\/a><\/div><div class=\"o-posts-grid-post-body\"><h3 class=\"o-posts-grid-post-title\"><a href=\"https:\/\/art-telheiras.pt\/?p=881\">Movimento Contempor\u00e2neo<\/a><\/h3><div class=\"o-posts-grid-post-description\"><p>As sess\u00f5es s\u00e3o planeadas face \u00e0 fase de desenvolvimento em que a crian\u00e7a se encontra, o seu universo\u2026<\/p><a class=\"o-posts-read-more\" href=\"https:\/\/art-telheiras.pt\/?p=881\">Read More<\/a><\/div><\/div><\/div><\/div><div class=\"o-posts-grid-post-blog o-posts-grid-post-plain\"><div class=\"o-posts-grid-post\"><div class=\"o-posts-grid-post-image\"><a href=\"https:\/\/art-telheiras.pt\/?p=1170\"><img loading=\"lazy\" decoding=\"async\" width=\"1256\" height=\"633\" src=\"https:\/\/art-telheiras.pt\/wp-content\/uploads\/2024\/02\/2024-PercArabe-ART-img-w.jpg\" class=\"attachment-full size-full\" alt=\"Percuss\u00e3o \u00c1rabe\" srcset=\"https:\/\/art-telheiras.pt\/wp-content\/uploads\/2024\/02\/2024-PercArabe-ART-img-w.jpg 1256w, https:\/\/art-telheiras.pt\/wp-content\/uploads\/2024\/02\/2024-PercArabe-ART-img-w-300x151.jpg 300w, https:\/\/art-telheiras.pt\/wp-content\/uploads\/2024\/02\/2024-PercArabe-ART-img-w-1024x516.jpg 1024w, https:\/\/art-telheiras.pt\/wp-content\/uploads\/2024\/02\/2024-PercArabe-ART-img-w-768x387.jpg 768w\" sizes=\"(max-width: 1256px) 100vw, 1256px\" \/><\/a><\/div><div class=\"o-posts-grid-post-body\"><h3 class=\"o-posts-grid-post-title\"><a href=\"https:\/\/art-telheiras.pt\/?p=1170\">Percuss\u00e3o \u00c1rabe<\/a><\/h3><div class=\"o-posts-grid-post-description\"><p>Proporcionar o conhecimento do ritmo e dos ritmos que constituem o vocabul\u00e1rio da\u00a0percuss\u00e3o\u00a0do Norte\u2026<\/p><a class=\"o-posts-read-more\" href=\"https:\/\/art-telheiras.pt\/?p=1170\">Read More<\/a><\/div><\/div><\/div><\/div><div class=\"o-posts-grid-post-blog o-posts-grid-post-plain\"><div class=\"o-posts-grid-post\"><div class=\"o-posts-grid-post-image\"><a href=\"https:\/\/art-telheiras.pt\/?p=1124\"><img loading=\"lazy\" decoding=\"async\" width=\"1600\" height=\"900\" src=\"https:\/\/art-telheiras.pt\/wp-content\/uploads\/2024\/02\/palco_ProibidoSuicidarse_1600x900.jpg\" class=\"attachment-full size-full\" alt=\"Teatro\u00e0parte\" srcset=\"https:\/\/art-telheiras.pt\/wp-content\/uploads\/2024\/02\/palco_ProibidoSuicidarse_1600x900.jpg 1600w, https:\/\/art-telheiras.pt\/wp-content\/uploads\/2024\/02\/palco_ProibidoSuicidarse_1600x900-300x169.jpg 300w, https:\/\/art-telheiras.pt\/wp-content\/uploads\/2024\/02\/palco_ProibidoSuicidarse_1600x900-1024x576.jpg 1024w, https:\/\/art-telheiras.pt\/wp-content\/uploads\/2024\/02\/palco_ProibidoSuicidarse_1600x900-768x432.jpg 768w, https:\/\/art-telheiras.pt\/wp-content\/uploads\/2024\/02\/palco_ProibidoSuicidarse_1600x900-1536x864.jpg 1536w\" sizes=\"(max-width: 1600px) 100vw, 1600px\" \/><\/a><\/div><div class=\"o-posts-grid-post-body\"><h3 class=\"o-posts-grid-post-title\"><a href=\"https:\/\/art-telheiras.pt\/?p=1124\">Teatro\u00e0parte<\/a><\/h3><div class=\"o-posts-grid-post-description\"><p>O teatro\u00e0parte, Grupo de Teatro da ART (inicialmente com o nome de Teatro dell&#8217;ART, e depois P\u2026<\/p><a class=\"o-posts-read-more\" href=\"https:\/\/art-telheiras.pt\/?p=1124\">Read More<\/a><\/div><\/div><\/div><\/div><div class=\"o-posts-grid-post-blog o-posts-grid-post-plain\"><div class=\"o-posts-grid-post\"><div class=\"o-posts-grid-post-image\"><a href=\"https:\/\/art-telheiras.pt\/?p=621\"><img loading=\"lazy\" decoding=\"async\" width=\"1200\" height=\"700\" src=\"https:\/\/art-telheiras.pt\/wp-content\/uploads\/2024\/01\/Tricot-1200x700-1.jpg\" class=\"attachment-full size-full\" alt=\"Tricot\" srcset=\"https:\/\/art-telheiras.pt\/wp-content\/uploads\/2024\/01\/Tricot-1200x700-1.jpg 1200w, https:\/\/art-telheiras.pt\/wp-content\/uploads\/2024\/01\/Tricot-1200x700-1-300x175.jpg 300w, https:\/\/art-telheiras.pt\/wp-content\/uploads\/2024\/01\/Tricot-1200x700-1-1024x597.jpg 1024w, https:\/\/art-telheiras.pt\/wp-content\/uploads\/2024\/01\/Tricot-1200x700-1-768x448.jpg 768w\" sizes=\"(max-width: 1200px) 100vw, 1200px\" \/><\/a><\/div><div class=\"o-posts-grid-post-body\"><h3 class=\"o-posts-grid-post-title\"><a href=\"https:\/\/art-telheiras.pt\/?p=621\">Tricot<\/a><\/h3><div class=\"o-posts-grid-post-description\"><p>Somos um grupo de pessoas bem dispostas que se junta semanalmente para tricotar, trocar ideias de tr\u2026<\/p><a class=\"o-posts-read-more\" href=\"https:\/\/art-telheiras.pt\/?p=621\">Read More<\/a><\/div><\/div><\/div><\/div><div class=\"o-posts-grid-post-blog o-posts-grid-post-plain\"><div class=\"o-posts-grid-post\"><div class=\"o-posts-grid-post-image\"><a href=\"https:\/\/art-telheiras.pt\/?p=619\"><img loading=\"lazy\" decoding=\"async\" width=\"1200\" height=\"700\" src=\"https:\/\/art-telheiras.pt\/wp-content\/uploads\/2024\/01\/Aguarela_1200x700.jpg\" class=\"attachment-full size-full\" alt=\"Urban Sketchers &#8211; Aguarela\" srcset=\"https:\/\/art-telheiras.pt\/wp-content\/uploads\/2024\/01\/Aguarela_1200x700.jpg 1200w, https:\/\/art-telheiras.pt\/wp-content\/uploads\/2024\/01\/Aguarela_1200x700-300x175.jpg 300w, https:\/\/art-telheiras.pt\/wp-content\/uploads\/2024\/01\/Aguarela_1200x700-1024x597.jpg 1024w, https:\/\/art-telheiras.pt\/wp-content\/uploads\/2024\/01\/Aguarela_1200x700-768x448.jpg 768w\" sizes=\"(max-width: 1200px) 100vw, 1200px\" \/><\/a><\/div><div class=\"o-posts-grid-post-body\"><h3 class=\"o-posts-grid-post-title\"><a href=\"https:\/\/art-telheiras.pt\/?p=619\">Urban Sketchers &#8211; Aguarela<\/a><\/h3><div class=\"o-posts-grid-post-description\"><p>Unidos pela paix\u00e3o da pintura da natureza e dos objetos, utilizamos a aguarela como meio de express\u00e3\u2026<\/p><a class=\"o-posts-read-more\" href=\"https:\/\/art-telheiras.pt\/?p=619\">Read More<\/a><\/div><\/div><\/div><\/div><div class=\"o-posts-grid-post-blog o-posts-grid-post-plain\"><div class=\"o-posts-grid-post\"><div class=\"o-posts-grid-post-image\"><a href=\"https:\/\/art-telheiras.pt\/?p=1080\"><img loading=\"lazy\" decoding=\"async\" width=\"1200\" height=\"700\" src=\"https:\/\/art-telheiras.pt\/wp-content\/uploads\/2024\/02\/Xadrez-1200x700-1.jpg\" class=\"attachment-full size-full\" alt=\"Xadrez\" srcset=\"https:\/\/art-telheiras.pt\/wp-content\/uploads\/2024\/02\/Xadrez-1200x700-1.jpg 1200w, https:\/\/art-telheiras.pt\/wp-content\/uploads\/2024\/02\/Xadrez-1200x700-1-300x175.jpg 300w, https:\/\/art-telheiras.pt\/wp-content\/uploads\/2024\/02\/Xadrez-1200x700-1-1024x597.jpg 1024w, https:\/\/art-telheiras.pt\/wp-content\/uploads\/2024\/02\/Xadrez-1200x700-1-768x448.jpg 768w\" sizes=\"(max-width: 1200px) 100vw, 1200px\" \/><\/a><\/div><div class=\"o-posts-grid-post-body\"><h3 class=\"o-posts-grid-post-title\"><a href=\"https:\/\/art-telheiras.pt\/?p=1080\">Xadrez<\/a><\/h3><div class=\"o-posts-grid-post-description\"><p>O Clube de Xadrez ART, promove o ensino do xadrez e participa em competi\u00e7\u00f5es nacionais e internacion\u2026<\/p><a class=\"o-posts-read-more\" href=\"https:\/\/art-telheiras.pt\/?p=1080\">Read More<\/a><\/div><\/div><\/div><\/div><\/div> <div class=\"o-posts-grid-pag\"><\/div><\/div>\n\n\n<div style=\"height:39px\" aria-hidden=\"true\" class=\"wp-block-spacer\"><\/div>\n","protected":false},"excerpt":{"rendered":"","protected":false},"author":1,"featured_media":0,"parent":0,"menu_order":1,"comment_status":"closed","ping_status":"closed","template":"","meta":{"neve_meta_sidebar":"full-width","neve_meta_container":"","neve_meta_enable_content_width":"on","neve_meta_content_width":100,"neve_meta_title_alignment":"","neve_meta_author_avatar":"","neve_post_elements_order":"","neve_meta_disable_header":"","neve_meta_disable_footer":"","neve_meta_disable_title":"","_themeisle_gutenberg_block_has_review":false,"footnotes":""},"class_list":["post-389","page","type-page","status-publish","hentry"],"jetpack_sharing_enabled":true,"jetpack_likes_enabled":true,"_links":{"self":[{"href":"https:\/\/art-telheiras.pt\/index.php?rest_route=\/wp\/v2\/pages\/389","targetHints":{"allow":["GET"]}}],"collection":[{"href":"https:\/\/art-telheiras.pt\/index.php?rest_route=\/wp\/v2\/pages"}],"about":[{"href":"https:\/\/art-telheiras.pt\/index.php?rest_route=\/wp\/v2\/types\/page"}],"author":[{"embeddable":true,"href":"https:\/\/art-telheiras.pt\/index.php?rest_route=\/wp\/v2\/users\/1"}],"replies":[{"embeddable":true,"href":"https:\/\/art-telheiras.pt\/index.php?rest_route=%2Fwp%2Fv2%2Fcomments&post=389"}],"version-history":[{"count":53,"href":"https:\/\/art-telheiras.pt\/index.php?rest_route=\/wp\/v2\/pages\/389\/revisions"}],"predecessor-version":[{"id":1873,"href":"https:\/\/art-telheiras.pt\/index.php?rest_route=\/wp\/v2\/pages\/389\/revisions\/1873"}],"wp:attachment":[{"href":"https:\/\/art-telheiras.pt\/index.php?rest_route=%2Fwp%2Fv2%2Fmedia&parent=389"}],"curies":[{"name":"wp","href":"https:\/\/api.w.org\/{rel}","templated":true}]}}