{"id":61,"date":"2020-01-23T18:21:52","date_gmt":"2020-01-23T18:21:52","guid":{"rendered":"https:\/\/demosites.io\/web-agency-gb\/?page_id=61"},"modified":"2026-01-27T11:24:35","modified_gmt":"2026-01-27T10:24:35","slug":"15c42-web-agency-gb-about-us","status":"publish","type":"page","link":"https:\/\/art-telheiras.pt\/?page_id=61","title":{"rendered":"Quem Somos"},"content":{"rendered":"\n<div class=\"wp-block-cover alignfull has-parallax has-nv-site-bg-color has-text-color has-link-color wp-elements-2560a7cc851a1f0007bd847b6109c381\" style=\"min-height:323px;aspect-ratio:unset;\"><div class=\"wp-block-cover__image-background wp-image-482 has-parallax\" style=\"background-position:50% 50%;background-image:url(https:\/\/art-telheiras.pt\/wp-content\/uploads\/2024\/01\/DSC_6626_SrGuimaraes_1600x900_1.jpg)\"><\/div><span aria-hidden=\"true\" class=\"wp-block-cover__background has-nv-dark-bg-background-color has-background-dim-40 has-background-dim\"><\/span><div class=\"wp-block-cover__inner-container is-layout-flow wp-block-cover-is-layout-flow\">\n<h1 class=\"wp-block-heading has-text-align-center\">Quem somos<\/h1>\n<\/div><\/div>\n\n\n\n<div class=\"wp-block-cover alignfull has-nv-dark-bg-color has-text-color has-link-color wp-elements-1322a54dd31702d847a22c4c362dd5a5\" style=\"min-height:634px;aspect-ratio:unset;\"><span aria-hidden=\"true\" class=\"wp-block-cover__background has-nv-site-bg-background-color has-background-dim-100 has-background-dim\"><\/span><div class=\"wp-block-cover__inner-container is-layout-constrained wp-block-cover-is-layout-constrained\">\n<div style=\"height:100px\" aria-hidden=\"true\" class=\"wp-block-spacer\"><\/div>\n\n\n\n<div class=\"wp-block-columns is-layout-flex wp-container-core-columns-is-layout-9d6595d7 wp-block-columns-is-layout-flex\">\n<div class=\"wp-block-column is-layout-flow wp-block-column-is-layout-flow\" style=\"flex-basis:5%\"><\/div>\n\n\n\n<div class=\"wp-block-column is-layout-flow wp-block-column-is-layout-flow\" style=\"flex-basis:90%\">\n<p class=\"has-text-align-center has-medium-font-size\">A <strong>ART \u2013 Associa\u00e7\u00e3o de Residentes de Telheiras <\/strong>\u00e9 uma associa\u00e7\u00e3o c\u00edvica, plural e independente, criada para representar, dinamizar e defender os interesses dos moradores do bairro.<\/p>\n\n\n\n<p class=\"has-text-align-center has-medium-font-size\" style=\"padding-right:0;padding-left:0\">A ART interv\u00e9m junto das entidades p\u00fablicas sempre que est\u00e3o em causa os direitos e interesses dos residentes de Telheiras, assegurando que a voz da comunidade \u00e9 ouvida nas decis\u00f5es que afetam o futuro do bairro.<br>Acreditamos que viver melhor come\u00e7a na rua onde moramos. Por isso, promovemos a participa\u00e7\u00e3o ativa dos residentes, o di\u00e1logo entre gera\u00e7\u00f5es e a colabora\u00e7\u00e3o com entidades locais, escolas, com\u00e9rcio e institui\u00e7\u00f5es p\u00fablicas.<\/p>\n\n\n\n<p class=\"has-text-align-center has-medium-font-size\">A ART \u00e9 um espa\u00e7o de <strong>encontro, escuta e a\u00e7\u00e3o<\/strong>, onde cada residente pode participar, propor ideias e contribuir para um Telheiras mais unido, solid\u00e1rio e sustent\u00e1vel.<\/p>\n\n\n\n<div style=\"height:34px\" aria-hidden=\"true\" class=\"wp-block-spacer\"><\/div>\n\n\n\n<h2 class=\"wp-block-heading has-text-align-center\">Mais do que uma associa\u00e7\u00e3o, a ART \u00e9 o cora\u00e7\u00e3o c\u00edvico de Telheiras.<\/h2>\n<\/div>\n\n\n\n<div class=\"wp-block-column is-layout-flow wp-block-column-is-layout-flow\" style=\"flex-basis:5%\"><\/div>\n<\/div>\n\n\n\n<div style=\"height:100px\" aria-hidden=\"true\" class=\"wp-block-spacer\"><\/div>\n<\/div><\/div>\n\n\n\n<div class=\"wp-block-cover alignfull has-neve-text-color-color has-text-color has-link-color wp-elements-59730c255d5d1b1a057a92a5bd3221f0\" style=\"min-height:600px;aspect-ratio:unset;\"><span aria-hidden=\"true\" class=\"wp-block-cover__background has-neve-link-color-background-color has-background-dim-100 has-background-dim\"><\/span><div class=\"wp-block-cover__inner-container is-layout-flow wp-block-cover-is-layout-flow\">\n<div style=\"height:100px\" aria-hidden=\"true\" class=\"wp-block-spacer\"><\/div>\n\n\n\n<h2 class=\"wp-block-heading has-text-align-center has-neve-text-color-color has-text-color\">O que nos orienta<\/h2>\n\n\n\n<p class=\"has-text-align-center\">A a\u00e7\u00e3o da ART assenta em <strong>cinco pilares estrat\u00e9gicos<\/strong>, que refletem as prioridades <br>do mandato e orientam o trabalho da associa\u00e7\u00e3o.<\/p>\n\n\n\n<div class=\"wp-block-columns is-layout-flex wp-container-core-columns-is-layout-9d6595d7 wp-block-columns-is-layout-flex\">\n<div class=\"wp-block-column is-layout-flow wp-block-column-is-layout-flow\" style=\"flex-basis:10%\"><\/div>\n\n\n\n<div class=\"wp-block-column is-layout-flow wp-block-column-is-layout-flow\" style=\"flex-basis:80%\">\n<div class=\"wp-block-group has-nv-dark-bg-color has-text-color has-link-color wp-elements-932958dc171c7430bbb1ac1f688db603\"><div class=\"wp-block-group__inner-container is-layout-constrained wp-block-group-is-layout-constrained\">\n<h2 class=\"wp-block-heading has-text-align-center\">I.<\/h2>\n\n\n\n<h3 class=\"wp-block-heading has-text-align-center\">Comunidade e Cidadania Ativa<\/h3>\n\n\n\n<p class=\"has-text-align-center\">Refor\u00e7ar a participa\u00e7\u00e3o dos moradores, criar espa\u00e7os de escuta e promover o envolvimento c\u00edvico, com especial aten\u00e7\u00e3o aos mais jovens.<\/p>\n<\/div><\/div>\n\n\n\n<div class=\"wp-block-group has-nv-dark-bg-color has-text-color has-link-color wp-elements-f44435c8b4495013224df11b5c9ea2df\"><div class=\"wp-block-group__inner-container is-layout-constrained wp-block-group-is-layout-constrained\">\n<h2 class=\"wp-block-heading has-text-align-center\">II.<\/h2>\n\n\n\n<h3 class=\"wp-block-heading has-text-align-center\">Cultura, Educa\u00e7\u00e3o e Identidade<\/h3>\n\n\n\n<p class=\"has-text-align-center\">Valorizar a hist\u00f3ria, a mem\u00f3ria e as pessoas de Telheiras, promovendo iniciativas culturais e educativas abertas a todos.<\/p>\n<\/div><\/div>\n\n\n\n<div class=\"wp-block-group has-nv-dark-bg-color has-text-color has-link-color wp-elements-61f4b2843ac2640bdffdcf335feaa48c\"><div class=\"wp-block-group__inner-container is-layout-constrained wp-block-group-is-layout-constrained\">\n<h2 class=\"wp-block-heading has-text-align-center\">III.<\/h2>\n\n\n\n<h3 class=\"wp-block-heading has-text-align-center\">Ambiente e Bem-Estar<\/h3>\n\n\n\n<p class=\"has-text-align-center\">Cuidar do espa\u00e7o p\u00fablico, incentivar pr\u00e1ticas sustent\u00e1veis e contribuir para a qualidade de vida no bairro.<\/p>\n\n\n\n<h2 class=\"wp-block-heading has-text-align-center\">IV.<\/h2>\n\n\n\n<h3 class=\"wp-block-heading has-text-align-center\">Bem-Estar Animal<\/h3>\n\n\n\n<p class=\"has-text-align-center\">Promover uma conviv\u00eancia respons\u00e1vel entre pessoas e animais, atrav\u00e9s da sensibiliza\u00e7\u00e3o e da articula\u00e7\u00e3o comunit\u00e1ria.<\/p>\n<\/div><\/div>\n\n\n\n<div class=\"wp-block-group has-nv-dark-bg-color has-text-color has-link-color wp-elements-dd8219bf2a2a0f5d5f73f4eb245660ee\"><div class=\"wp-block-group__inner-container is-layout-constrained wp-block-group-is-layout-constrained\">\n<h2 class=\"wp-block-heading has-text-align-center\">V.<\/h2>\n\n\n\n<h3 class=\"wp-block-heading has-text-align-center\">Representa\u00e7\u00e3o e Sustentabilidade<\/h3>\n\n\n\n<p class=\"has-text-align-center\">Dar continuidade \u00e0s atividades em curso e \u00e0s j\u00e1 programadas, defender os direitos dos residentes junto das entidades p\u00fablicas e refor\u00e7ar parcerias locais, garantindo a sustentabilidade da ART.<\/p>\n\n\n\n<div style=\"height:41px\" aria-hidden=\"true\" class=\"wp-block-spacer\"><\/div>\n\n\n\n<div class=\"wp-block-buttons is-content-justification-center is-layout-flex wp-container-core-buttons-is-layout-16018d1d wp-block-buttons-is-layout-flex\">\n<div class=\"wp-block-button\"><a class=\"wp-block-button__link wp-element-button\" href=\"https:\/\/art-telheiras.pt\/?page_id=654\">Ver os objetivos do mandato<\/a><\/div>\n<\/div>\n\n\n\n<div style=\"height:72px\" aria-hidden=\"true\" class=\"wp-block-spacer\"><\/div>\n<\/div><\/div>\n<\/div>\n\n\n\n<div class=\"wp-block-column is-layout-flow wp-block-column-is-layout-flow\" style=\"flex-basis:10%\"><\/div>\n<\/div>\n<\/div><\/div>\n\n\n\n<div class=\"wp-block-cover alignfull\" style=\"min-height:420px;aspect-ratio:unset;\"><span aria-hidden=\"true\" class=\"wp-block-cover__background has-nv-site-bg-background-color has-background-dim-100 has-background-dim\"><\/span><div class=\"wp-block-cover__inner-container is-layout-flow wp-block-cover-is-layout-flow\">\n<div style=\"height:0px\" aria-hidden=\"true\" class=\"wp-block-spacer\"><\/div>\n\n\n\n<h2 class=\"wp-block-heading has-text-align-center has-neve-text-color-color has-text-color\">Como trabalhamos<\/h2>\n\n\n\n<p class=\"has-text-align-center has-neve-text-color-color has-text-color\" style=\"font-size:20px\">Trabalho volunt\u00e1rio e em equipa \/ Escuta ativa dos moradores \/ A\u00e7\u00e3o faseada e respons\u00e1vel \/ Di\u00e1logo permanente com entidades p\u00fablicas e parceiros locais<br><\/p>\n\n\n\n<h2 class=\"wp-block-heading has-text-align-center has-neve-text-color-color has-text-color\" style=\"font-size:20px\">A ART \u00e9 um espa\u00e7o aberto \u00e0 participa\u00e7\u00e3o de todos.<\/h2>\n<\/div><\/div>\n\n\n\n<div class=\"wp-block-cover alignfull has-neve-text-color-color has-text-color has-link-color wp-elements-e358fa370473fd97945454129b12840b\" style=\"padding-top:var(--wp--preset--spacing--60);padding-right:var(--wp--preset--spacing--80);padding-bottom:var(--wp--preset--spacing--60);padding-left:var(--wp--preset--spacing--80)\"><span aria-hidden=\"true\" class=\"wp-block-cover__background has-nv-site-bg-background-color has-background-dim-100 has-background-dim\"><\/span><div class=\"wp-block-cover__inner-container is-layout-constrained wp-container-core-cover-is-layout-1df9bf10 wp-block-cover-is-layout-constrained\">\n<div style=\"height:26px\" aria-hidden=\"true\" class=\"wp-block-spacer\"><\/div>\n\n\n\n<h5 class=\"wp-block-heading has-text-align-center\">PARCERIAS<\/h5>\n\n\n\n<div style=\"height:12px\" aria-hidden=\"true\" class=\"wp-block-spacer\"><\/div>\n\n\n\n<div style=\"height:4px\" aria-hidden=\"true\" class=\"wp-block-spacer\"><\/div>\n\n\n\n<div class=\"wp-block-group is-content-justification-center is-nowrap is-layout-flex wp-container-core-group-is-layout-94bc23d7 wp-block-group-is-layout-flex\">\n<figure class=\"wp-block-image size-full is-resized\"><a href=\"https:\/\/vivertelheiras.pt\/\" target=\"_blank\" rel=\"noreferrer noopener\"><img loading=\"lazy\" decoding=\"async\" width=\"400\" height=\"225\" src=\"https:\/\/art-telheiras.pt\/wp-content\/uploads\/2024\/01\/Parceiro_ART_ViverTelheiras.jpg\" alt=\"\" class=\"wp-image-376\" style=\"width:190px\" srcset=\"https:\/\/art-telheiras.pt\/wp-content\/uploads\/2024\/01\/Parceiro_ART_ViverTelheiras.jpg 400w, https:\/\/art-telheiras.pt\/wp-content\/uploads\/2024\/01\/Parceiro_ART_ViverTelheiras-300x169.jpg 300w\" sizes=\"auto, (max-width: 400px) 100vw, 400px\" \/><\/a><\/figure>\n\n\n\n<figure class=\"wp-block-image size-full is-resized\"><a href=\"https:\/\/blx.cm-lisboa.pt\/\" target=\"_blank\" rel=\"noreferrer noopener\"><img loading=\"lazy\" decoding=\"async\" width=\"400\" height=\"225\" src=\"https:\/\/art-telheiras.pt\/wp-content\/uploads\/2024\/01\/Parceiro_ART_BibliotecasLX.jpg\" alt=\"\" class=\"wp-image-379\" style=\"width:200px\" srcset=\"https:\/\/art-telheiras.pt\/wp-content\/uploads\/2024\/01\/Parceiro_ART_BibliotecasLX.jpg 400w, https:\/\/art-telheiras.pt\/wp-content\/uploads\/2024\/01\/Parceiro_ART_BibliotecasLX-300x169.jpg 300w\" sizes=\"auto, (max-width: 400px) 100vw, 400px\" \/><\/a><\/figure>\n\n\n\n<figure class=\"wp-block-image size-full is-resized\"><a href=\"https:\/\/jf-lumiar.pt\/\" target=\"_blank\" rel=\"noreferrer noopener\"><img loading=\"lazy\" decoding=\"async\" width=\"1985\" height=\"1861\" src=\"https:\/\/art-telheiras.pt\/wp-content\/uploads\/2024\/02\/JFL-logo-q-1.png\" alt=\"\" class=\"wp-image-1116\" style=\"object-fit:contain;width:200px;height:90px\" srcset=\"https:\/\/art-telheiras.pt\/wp-content\/uploads\/2024\/02\/JFL-logo-q-1.png 1985w, https:\/\/art-telheiras.pt\/wp-content\/uploads\/2024\/02\/JFL-logo-q-1-300x281.png 300w, https:\/\/art-telheiras.pt\/wp-content\/uploads\/2024\/02\/JFL-logo-q-1-1024x960.png 1024w, https:\/\/art-telheiras.pt\/wp-content\/uploads\/2024\/02\/JFL-logo-q-1-768x720.png 768w, https:\/\/art-telheiras.pt\/wp-content\/uploads\/2024\/02\/JFL-logo-q-1-1536x1440.png 1536w\" sizes=\"auto, (max-width: 1985px) 100vw, 1985px\" \/><\/a><\/figure>\n\n\n\n<figure class=\"wp-block-image size-full is-resized\"><a href=\"https:\/\/vivertelheiras.pt\/tipo\/parceria-local\/\" target=\"_blank\" rel=\"noreferrer noopener\"><img loading=\"lazy\" decoding=\"async\" width=\"600\" height=\"191\" src=\"https:\/\/art-telheiras.pt\/wp-content\/uploads\/2024\/02\/PLT-logo.jpg\" alt=\"\" class=\"wp-image-1118\" style=\"width:220px\" srcset=\"https:\/\/art-telheiras.pt\/wp-content\/uploads\/2024\/02\/PLT-logo.jpg 600w, https:\/\/art-telheiras.pt\/wp-content\/uploads\/2024\/02\/PLT-logo-300x96.jpg 300w\" sizes=\"auto, (max-width: 600px) 100vw, 600px\" \/><\/a><\/figure>\n\n\n\n<figure class=\"wp-block-image size-full is-resized\"><img loading=\"lazy\" decoding=\"async\" width=\"860\" height=\"860\" src=\"https:\/\/art-telheiras.pt\/wp-content\/uploads\/2024\/02\/SantaCasa-logo.png\" alt=\"\" class=\"wp-image-1120\" style=\"width:120px\" srcset=\"https:\/\/art-telheiras.pt\/wp-content\/uploads\/2024\/02\/SantaCasa-logo.png 860w, https:\/\/art-telheiras.pt\/wp-content\/uploads\/2024\/02\/SantaCasa-logo-300x300.png 300w, https:\/\/art-telheiras.pt\/wp-content\/uploads\/2024\/02\/SantaCasa-logo-150x150.png 150w, https:\/\/art-telheiras.pt\/wp-content\/uploads\/2024\/02\/SantaCasa-logo-768x768.png 768w\" sizes=\"auto, (max-width: 860px) 100vw, 860px\" \/><\/figure>\n<\/div>\n\n\n\n<div style=\"height:18px\" aria-hidden=\"true\" class=\"wp-block-spacer\"><\/div>\n\n\n\n<div class=\"wp-block-group is-content-justification-center is-nowrap is-layout-flex wp-container-core-group-is-layout-94bc23d7 wp-block-group-is-layout-flex\">\n<figure class=\"wp-block-image size-full is-resized\"><a href=\"https:\/\/re-food.org\/\" target=\"_blank\" rel=\"noreferrer noopener\"><img loading=\"lazy\" decoding=\"async\" width=\"400\" height=\"225\" src=\"https:\/\/art-telheiras.pt\/wp-content\/uploads\/2024\/01\/Parceiro_ART_Refood.jpg\" alt=\"\" class=\"wp-image-377\" style=\"width:220px\" srcset=\"https:\/\/art-telheiras.pt\/wp-content\/uploads\/2024\/01\/Parceiro_ART_Refood.jpg 400w, https:\/\/art-telheiras.pt\/wp-content\/uploads\/2024\/01\/Parceiro_ART_Refood-300x169.jpg 300w\" sizes=\"auto, (max-width: 400px) 100vw, 400px\" \/><\/a><\/figure>\n\n\n\n<figure class=\"wp-block-image size-full is-resized\"><a href=\"https:\/\/www.etplisboa.org\/\" target=\"_blank\" rel=\"noreferrer noopener\"><img loading=\"lazy\" decoding=\"async\" width=\"446\" height=\"211\" src=\"https:\/\/art-telheiras.pt\/wp-content\/uploads\/2024\/02\/etpl-logo.jpg\" alt=\"\" class=\"wp-image-1122\" style=\"width:180px\" srcset=\"https:\/\/art-telheiras.pt\/wp-content\/uploads\/2024\/02\/etpl-logo.jpg 446w, https:\/\/art-telheiras.pt\/wp-content\/uploads\/2024\/02\/etpl-logo-300x142.jpg 300w\" sizes=\"auto, (max-width: 446px) 100vw, 446px\" \/><\/a><\/figure>\n\n\n\n<figure class=\"wp-block-image size-full is-resized\"><a href=\"https:\/\/vivertelheiras.pt\/parceiros\/parque-horticola-de-telheiras\/\" target=\"_blank\" rel=\"noreferrer noopener\"><img loading=\"lazy\" decoding=\"async\" width=\"400\" height=\"225\" src=\"https:\/\/art-telheiras.pt\/wp-content\/uploads\/2024\/01\/Parceiro_ART_ParqueHorticola.jpg\" alt=\"\" class=\"wp-image-378\" style=\"width:180px\" srcset=\"https:\/\/art-telheiras.pt\/wp-content\/uploads\/2024\/01\/Parceiro_ART_ParqueHorticola.jpg 400w, https:\/\/art-telheiras.pt\/wp-content\/uploads\/2024\/01\/Parceiro_ART_ParqueHorticola-300x169.jpg 300w\" sizes=\"auto, (max-width: 400px) 100vw, 400px\" \/><\/a><\/figure>\n\n\n\n<figure class=\"wp-block-image size-full is-resized\"><img loading=\"lazy\" decoding=\"async\" width=\"400\" height=\"225\" src=\"https:\/\/art-telheiras.pt\/wp-content\/uploads\/2024\/01\/Parceiro_ART_VolProtecaoCivil.jpg\" alt=\"\" class=\"wp-image-374\" style=\"width:220px\" srcset=\"https:\/\/art-telheiras.pt\/wp-content\/uploads\/2024\/01\/Parceiro_ART_VolProtecaoCivil.jpg 400w, https:\/\/art-telheiras.pt\/wp-content\/uploads\/2024\/01\/Parceiro_ART_VolProtecaoCivil-300x169.jpg 300w\" sizes=\"auto, (max-width: 400px) 100vw, 400px\" \/><\/figure>\n<\/div>\n\n\n\n<div style=\"height:25px\" aria-hidden=\"true\" class=\"wp-block-spacer\"><\/div>\n<\/div><\/div>\n","protected":false},"excerpt":{"rendered":"","protected":false},"author":1,"featured_media":0,"parent":0,"menu_order":1,"comment_status":"closed","ping_status":"closed","template":"","meta":{"neve_meta_sidebar":"default","neve_meta_container":"default","neve_meta_enable_content_width":"on","neve_meta_content_width":100,"neve_meta_title_alignment":"","neve_meta_author_avatar":"","neve_post_elements_order":"","neve_meta_disable_header":"","neve_meta_disable_footer":"","neve_meta_disable_title":"on","_themeisle_gutenberg_block_has_review":false,"footnotes":""},"class_list":["post-61","page","type-page","status-publish","hentry"],"jetpack_sharing_enabled":true,"jetpack_likes_enabled":true,"_links":{"self":[{"href":"https:\/\/art-telheiras.pt\/index.php?rest_route=\/wp\/v2\/pages\/61","targetHints":{"allow":["GET"]}}],"collection":[{"href":"https:\/\/art-telheiras.pt\/index.php?rest_route=\/wp\/v2\/pages"}],"about":[{"href":"https:\/\/art-telheiras.pt\/index.php?rest_route=\/wp\/v2\/types\/page"}],"author":[{"embeddable":true,"href":"https:\/\/art-telheiras.pt\/index.php?rest_route=\/wp\/v2\/users\/1"}],"replies":[{"embeddable":true,"href":"https:\/\/art-telheiras.pt\/index.php?rest_route=%2Fwp%2Fv2%2Fcomments&post=61"}],"version-history":[{"count":63,"href":"https:\/\/art-telheiras.pt\/index.php?rest_route=\/wp\/v2\/pages\/61\/revisions"}],"predecessor-version":[{"id":1935,"href":"https:\/\/art-telheiras.pt\/index.php?rest_route=\/wp\/v2\/pages\/61\/revisions\/1935"}],"wp:attachment":[{"href":"https:\/\/art-telheiras.pt\/index.php?rest_route=%2Fwp%2Fv2%2Fmedia&parent=61"}],"curies":[{"name":"wp","href":"https:\/\/api.w.org\/{rel}","templated":true}]}}