{"id":647,"date":"2024-01-10T18:27:58","date_gmt":"2024-01-10T18:27:58","guid":{"rendered":"https:\/\/art-telheiras.pt\/?page_id=647"},"modified":"2025-01-08T11:55:29","modified_gmt":"2025-01-08T11:55:29","slug":"historia-da-art","status":"publish","type":"page","link":"https:\/\/art-telheiras.pt\/?page_id=647","title":{"rendered":"Hist\u00f3ria"},"content":{"rendered":"\n<h2 class=\"wp-block-heading\">Peda\u00e7os de mem\u00f3ria sobre Telheiras \u201cuma aldeia na cidade\u201d<\/h2>\n\n\n\n<p>Da ruralidade de \u201cuma aldeia na cidade\u201d, Telheiras cresceu como um desenvolvimento urban\u00edstico inicialmente a cargo da EPUL \u2013 Empresa P\u00fablica de Urbaniza\u00e7\u00e3o de Lisboa. Era o tempo em que na viv\u00eancia da cidade ainda perduravam h\u00e1bitos das hortas e quintas com rebanhos, que pelos finais dos anos 80 atravessavam diariamente a via principal de circula\u00e7\u00e3o autom\u00f3vel em Telheiras.<\/p>\n\n\n\n<p>Em finais dos anos 80, discutia-se, em reuni\u00f5es de condom\u00ednio, se a porteira deveria ter dispensa hor\u00e1ria para poder ir \u00e0s hortas onde mantinha cultivos. \u201c\u00c9 um v\u00edcio que vem da nossa terra\u201d, dizia o marido, \u201ce sempre d\u00e1 jeito na hora de p\u00f4r comida na mesa\u201d.<\/p>\n\n\n\n<p>Essa ruralidade urbana foi sendo conquistada pelo bet\u00e3o, e a progress\u00e3o urban\u00edstica em Telheiras deu origem a um elegante bairro. Foi por essa altura que os moradores consideraram que deviam ter um papel ativo no desenvolvimento dos elementos fundamentais para uma adequada viv\u00eancia e humaniza\u00e7\u00e3o do bairro.<\/p>\n\n\n\n<p>Assim, em 1988, nasceu a ART- Associa\u00e7\u00e3o de Residentes de Telheiras, a partir de um ativo grupo de moradores, mobilizados e determinados em defender os interesses do bairro. <\/p>\n\n\n\n<figure class=\"wp-block-pullquote\"><blockquote><p>Telheiras. <br>Ontem uma aldeia\u2026, hoje um BAIRRO !<\/p><\/blockquote><\/figure>\n\n\n\n<p>Volvidos mais de 35 anos, com muitos sonhos e projetos realizados, a ART tem desempenhado um papel fulcral na defesa dos interesses do Bairro, que o mesmo \u00e9 dizer dos seus residentes. Adaptando-se \u00e0s necessidades de cada \u00e9poca, a ART teve sempre uma forte presen\u00e7a, ao ser uma agregadora de vontades e iniciativas, e, quando necess\u00e1rio, assumindo um papel reivindicativo junto da autarquia e dos decisores pol\u00edticos. A Prova evidente da sua import\u00e2ncia foi o reconhecimento como Associa\u00e7\u00e3o de Interesse P\u00fablico.<\/p>\n\n\n\n<p>Tem tamb\u00e9m servido de lan\u00e7amento a muitas iniciativas e atividades, num bairro que conta hoje com uma vivacidade crescente e uma participa\u00e7\u00e3o significativa dos jovens.<\/p>\n","protected":false},"excerpt":{"rendered":"<p>Peda\u00e7os de mem\u00f3ria sobre Telheiras \u201cuma aldeia na cidade\u201d Da ruralidade de \u201cuma aldeia na cidade\u201d, Telheiras cresceu como um desenvolvimento urban\u00edstico inicialmente a cargo da EPUL \u2013 Empresa P\u00fablica&hellip;&nbsp;<a href=\"https:\/\/art-telheiras.pt\/?page_id=647\" rel=\"bookmark\">Ler mais &raquo;<span class=\"screen-reader-text\">Hist\u00f3ria<\/span><\/a><\/p>\n","protected":false},"author":1,"featured_media":0,"parent":0,"menu_order":1,"comment_status":"closed","ping_status":"closed","template":"","meta":{"neve_meta_sidebar":"","neve_meta_container":"","neve_meta_enable_content_width":"","neve_meta_content_width":0,"neve_meta_title_alignment":"","neve_meta_author_avatar":"","neve_post_elements_order":"","neve_meta_disable_header":"","neve_meta_disable_footer":"","neve_meta_disable_title":"","_themeisle_gutenberg_block_has_review":false,"footnotes":""},"class_list":["post-647","page","type-page","status-publish","hentry"],"jetpack_sharing_enabled":true,"jetpack_likes_enabled":true,"_links":{"self":[{"href":"https:\/\/art-telheiras.pt\/index.php?rest_route=\/wp\/v2\/pages\/647","targetHints":{"allow":["GET"]}}],"collection":[{"href":"https:\/\/art-telheiras.pt\/index.php?rest_route=\/wp\/v2\/pages"}],"about":[{"href":"https:\/\/art-telheiras.pt\/index.php?rest_route=\/wp\/v2\/types\/page"}],"author":[{"embeddable":true,"href":"https:\/\/art-telheiras.pt\/index.php?rest_route=\/wp\/v2\/users\/1"}],"replies":[{"embeddable":true,"href":"https:\/\/art-telheiras.pt\/index.php?rest_route=%2Fwp%2Fv2%2Fcomments&post=647"}],"version-history":[{"count":5,"href":"https:\/\/art-telheiras.pt\/index.php?rest_route=\/wp\/v2\/pages\/647\/revisions"}],"predecessor-version":[{"id":1627,"href":"https:\/\/art-telheiras.pt\/index.php?rest_route=\/wp\/v2\/pages\/647\/revisions\/1627"}],"wp:attachment":[{"href":"https:\/\/art-telheiras.pt\/index.php?rest_route=%2Fwp%2Fv2%2Fmedia&parent=647"}],"curies":[{"name":"wp","href":"https:\/\/api.w.org\/{rel}","templated":true}]}}