{"id":657,"date":"2024-01-10T18:49:50","date_gmt":"2024-01-10T18:49:50","guid":{"rendered":"https:\/\/art-telheiras.pt\/?page_id=657"},"modified":"2026-01-05T20:13:59","modified_gmt":"2026-01-05T19:13:59","slug":"organigrama","status":"publish","type":"page","link":"https:\/\/art-telheiras.pt\/?page_id=657","title":{"rendered":"A Nossa Equipa"},"content":{"rendered":"\n<h3 class=\"wp-block-heading\">DIRE\u00c7\u00c3O<\/h3>\n\n\n\n<p><strong>PRESIDENTE:<\/strong> Marta Santos Vieira<br><strong>SECRET\u00c1RIO<\/strong>: Marta Meneses Monteiro<br><strong>TESOUREIRO<\/strong>: Lurdes In\u00e1cio Santos<br><strong>VOGAL<\/strong>: Ana Teresa Prof\u00edrio<br><strong><strong>VOGAL<\/strong><\/strong>: Ana Costa<br><strong>SUPLENTE: <\/strong>Rosa Maria Marques de Almeida<br><strong>SUPLENTE: <\/strong>Miguel Macias Marques Sequeira<br><\/p>\n\n\n\n<h3 class=\"wp-block-heading\">MESA DA ASSEMBLEIA GERAL<\/h3>\n\n\n\n<p><strong>PRESIDENTE<\/strong>: Manuel Ant\u00f3nio Teixeira Silva<br><strong>SECRET\u00c1RIO:<\/strong> Mariana Am\u00e9lia Carrega de Sousa<br><strong>SECRET\u00c1RIO:<\/strong> Ana Amaro<\/p>\n\n\n\n<h3 class=\"wp-block-heading\">CONSELHO FISCAL<\/h3>\n\n\n\n<p><strong>PRESIDENTE:<\/strong> Manuel Batista Figueiredo<br><strong>SECRET\u00c1RIO:<\/strong> Jos\u00e9 Lu\u00eds Sobreda Antunes <br><strong>VOGAL<\/strong>: V\u00edtor Manuel Soares Dias<\/p>\n\n\n\n<p><\/p>\n\n\n\n<p>Todos os cargos s\u00e3o exercidos em regime volunt\u00e1rio<\/p>\n\n\n\n<p><\/p>\n","protected":false},"excerpt":{"rendered":"<p>DIRE\u00c7\u00c3O PRESIDENTE: Marta Santos VieiraSECRET\u00c1RIO: Marta Meneses MonteiroTESOUREIRO: Lurdes In\u00e1cio SantosVOGAL: Ana Teresa Prof\u00edrioVOGAL: Ana CostaSUPLENTE: Rosa Maria Marques de AlmeidaSUPLENTE: Miguel Macias Marques Sequeira MESA DA ASSEMBLEIA GERAL PRESIDENTE:&hellip;&nbsp;<a href=\"https:\/\/art-telheiras.pt\/?page_id=657\" rel=\"bookmark\">Ler mais &raquo;<span class=\"screen-reader-text\">A Nossa Equipa<\/span><\/a><\/p>\n","protected":false},"author":1,"featured_media":0,"parent":0,"menu_order":1,"comment_status":"closed","ping_status":"closed","template":"","meta":{"neve_meta_sidebar":"","neve_meta_container":"","neve_meta_enable_content_width":"","neve_meta_content_width":0,"neve_meta_title_alignment":"","neve_meta_author_avatar":"","neve_post_elements_order":"","neve_meta_disable_header":"","neve_meta_disable_footer":"","neve_meta_disable_title":"","_themeisle_gutenberg_block_has_review":false,"footnotes":""},"class_list":["post-657","page","type-page","status-publish","hentry"],"jetpack_sharing_enabled":true,"jetpack_likes_enabled":true,"_links":{"self":[{"href":"https:\/\/art-telheiras.pt\/index.php?rest_route=\/wp\/v2\/pages\/657","targetHints":{"allow":["GET"]}}],"collection":[{"href":"https:\/\/art-telheiras.pt\/index.php?rest_route=\/wp\/v2\/pages"}],"about":[{"href":"https:\/\/art-telheiras.pt\/index.php?rest_route=\/wp\/v2\/types\/page"}],"author":[{"embeddable":true,"href":"https:\/\/art-telheiras.pt\/index.php?rest_route=\/wp\/v2\/users\/1"}],"replies":[{"embeddable":true,"href":"https:\/\/art-telheiras.pt\/index.php?rest_route=%2Fwp%2Fv2%2Fcomments&post=657"}],"version-history":[{"count":6,"href":"https:\/\/art-telheiras.pt\/index.php?rest_route=\/wp\/v2\/pages\/657\/revisions"}],"predecessor-version":[{"id":1851,"href":"https:\/\/art-telheiras.pt\/index.php?rest_route=\/wp\/v2\/pages\/657\/revisions\/1851"}],"wp:attachment":[{"href":"https:\/\/art-telheiras.pt\/index.php?rest_route=%2Fwp%2Fv2%2Fmedia&parent=657"}],"curies":[{"name":"wp","href":"https:\/\/api.w.org\/{rel}","templated":true}]}}